{"id":58967,"date":"2025-03-18T11:59:21","date_gmt":"2025-03-18T10:59:21","guid":{"rendered":"https:\/\/www.tecnoproex.es\/politique-de-confidentialite\/"},"modified":"2025-03-18T11:59:21","modified_gmt":"2025-03-18T10:59:21","slug":"politique-de-confidentialite","status":"publish","type":"page","link":"https:\/\/www.tecnoproex.es\/fr\/politique-de-confidentialite\/","title":{"rendered":"Politique de confidentialit\u00e9"},"content":{"rendered":"\r\n\r\nCette politique de confidentialit\u00e9 a pour but d&rsquo;informer les utilisateurs sur la collecte et le traitement des donn\u00e9es personnelles obtenues via le site web <a href=\"https:\/\/www.tecnoproex.es\/\">tecnoproex.es<\/a> (ci-apr\u00e8s \u00ab le site Web \u00bb).\r\n\r\nTECNOPROEX S.L. respecte les directives du R\u00e8glement (UE) 2016\/679 du Parlement europ\u00e9en et du Conseil du 27 avril 2016 relatif \u00e0 la protection des personnes physiques \u00e0 l&rsquo;\u00e9gard du traitement des donn\u00e9es \u00e0 caract\u00e8re personnel et \u00e0 la libre circulation de ces donn\u00e9es (RGPD), en veillant \u00e0 tout moment \u00e0 garantir une utilisation et un traitement corrects des donn\u00e9es personnelles de l&rsquo;utilisateur.\r\n\r\n&nbsp;\r\n<div class=\"gap\"><\/div>\r\n<h2 class=\"wp-block-heading\">QUELLES DONN\u00c9ES COLLECTONS-NOUS VIA LE WEB?<\/h2>\r\n<ul>\r\n \t<li><b>Donn\u00e9es fournies par l&rsquo;envoi d&rsquo;e-mails aux adresses <\/b>identifi\u00e9es sur le web<\/li>\r\n \t<li><b>Donn\u00e9es fournies en remplissant les formulaires ou e<\/b>n utilisant les fonctionnalit\u00e9s propos\u00e9es \u00e0 tout moment sur le web<\/li>\r\n<\/ul>\r\n&nbsp;\r\n<h2>QUELLE EST LA L\u00c9GITIMIT\u00c9 POUR LE TRAITEMENT DE VOS DONN\u00c9ES?<\/h2>\r\nLa base juridique des traitements est le consentement donn\u00e9 par les utilisateurs fourni par l&rsquo;acceptation de la pr\u00e9sente politique de confidentialit\u00e9 et des cases correspondantes, et impliquera que vous avez \u00e9t\u00e9 inform\u00e9 et avez express\u00e9ment donn\u00e9 votre consentement au contenu de la clause jointe \u00e0 ce formulaire ou l&rsquo;acceptation de la politique de confidentialit\u00e9.\r\n<div class=\"gap\"><\/div>\r\n<h2>DANS QUEL BUT ALLONS-NOUS TRAITER VOS DONN\u00c9ES PERSONNELLES?<\/h2>\r\nConform\u00e9ment au r\u00e8glement (UE) 2016\/679 du Parlement europ\u00e9en et du Conseil du 27 avril 2016 relatif \u00e0 la protection des personnes physiques \u00e0 l&rsquo;\u00e9gard du traitement des donn\u00e9es \u00e0 caract\u00e8re personnel et \u00e0 la libre circulation de ces donn\u00e9es (RGPD), nous vous informons que les donn\u00e9es \u00e0 caract\u00e8re personnel que vous nous fournissez volontairement via les diff\u00e9rents formulaires de saisie disponibles \u00e0 cet effet sur le site Web ou sur tout autre canal de collecte de celles-ci, seront incorpor\u00e9es aux registres de traitement responsabilit\u00e9 de TECNOPROEX S.L. pour la gestion des donn\u00e9es collect\u00e9es aux fins suivantes:\r\n<ul>\r\n \t<li>R\u00e9soudre toute question, demande ou requ\u00eate faite<\/li>\r\n \t<li>G\u00e9rer le service demand\u00e9, r\u00e9pondre \u00e0 votre demande ou traiter votre demande<\/li>\r\n \t<li>Anter des communications \u00e0 caract\u00e8re informatif que l&rsquo;entit\u00e9 consid\u00e8re comme pr\u00e9sentant un int\u00e9r\u00eat pour elle par tout moyen fourni volontairement et qui portent sur des produits et\/ou services similaires \u00e0 ceux demand\u00e9s. Dans les cas, uniquement avec les finalit\u00e9s et les utilisations exclusivement n\u00e9cessaires pour lesquelles leurs services ont \u00e9t\u00e9 requis, ne pouvant pas les utiliser \u00e0 une fin diff\u00e9rente. Pour toute cession autre que celle sp\u00e9cifi\u00e9e ci-dessus, vous serez d\u00fbment inform\u00e9 et pourrez exercer votre droit d&rsquo;opposition \u00e0 tout moment.<\/li>\r\n \t<li>Effectuer des analyses et des am\u00e9liorations sur le web sur les nouveaux services<\/li>\r\n \t<li>Se d\u00e9sabonner de nos services<\/li>\r\n \t<li>Toute autre finalit\u00e9 \u00e0 laquelle se r\u00e9f\u00e8rent les formulaires et les fonctionnalit\u00e9s offerts \u00e0 tout moment via le portail<\/li>\r\n<\/ul>\r\n<div class=\"gap\"><\/div>\r\n<h2>\u00c0 QUELS DESTINATAIRES VOS DONN\u00c9ES SERONT-ELLES COMMUNIQU\u00c9ES?<\/h2>\r\nLes donn\u00e9es collect\u00e9es sont ad\u00e9quates, pertinentes et non excessives par rapport \u00e0 la port\u00e9e et aux finalit\u00e9s d\u00e9crites. Vos donn\u00e9es seront trait\u00e9es et stock\u00e9es conform\u00e9ment aux mesures de s\u00e9curit\u00e9 d\u00e9crites conform\u00e9ment \u00e0 la r\u00e9glementation en vigueur et garantissant \u00e0 tout moment leur int\u00e9grit\u00e9 et leur confidentialit\u00e9.\r\n\r\nVos donn\u00e9es ne seront pas transf\u00e9r\u00e9es \u00e0 des tiers, sauf obligation l\u00e9gale, et ne seront pas partag\u00e9es avec des entreprises ou des entit\u00e9s ext\u00e9rieures \u00e0 TECNOPROEX S.L. Vous serez inform\u00e9 des transferts possibles suivants de vos donn\u00e9es:\r\n<ul>\r\n \t<li>Aux entit\u00e9s publiques et priv\u00e9es n\u00e9cessaires au respect des obligations l\u00e9gales en vertu de la r\u00e9glementation en vigueur<\/li>\r\n \t<li>Aux institutions financi\u00e8res pour la gestion des encaissements et des paiements<\/li>\r\n \t<li>Aux professionnels et aux soci\u00e9t\u00e9s de conseil juridique, de conseil et\/ou d&rsquo;audit<\/li>\r\n \t<li>Aux sous-traitants n\u00e9cessaires \u00e0 l&rsquo;ex\u00e9cution du contrat de prestation de services correspondant<\/li>\r\n \t<li>Aux entreprises en charge de notre support et de notre maintenance web<\/li>\r\n \t<li>Aux entreprises charg\u00e9es de notre support et de la maintenance du syst\u00e8me informatique<\/li>\r\n \t<li>Aux entreprises en charge de notre logiciel de gestion de support et de maintenance<\/li>\r\n \t<li>Aux entreprises en charge de notre support et de la maintenance de notre serveur et de notre service cloud<\/li>\r\n \t<li>En cas de transfert international de donn\u00e9es lors de l&rsquo;utilisation d&rsquo;applications, il serait effectu\u00e9 dans le strict respect et avec toutes les garanties n\u00e9cessaires au respect des politiques europ\u00e9ennes de protection des donn\u00e9es en mati\u00e8re de confidentialit\u00e9<\/li>\r\n \t<li>Aux autres entreprises, entit\u00e9s et collaborateurs pour les d\u00e9marches administratives et\/ou commerciales, pour la gestion des finalit\u00e9s d\u00e9crites ci-dessus, pour la prestation de services et la bonne gestion de l&rsquo;entit\u00e9 et de ses diff\u00e9rentes activit\u00e9s<\/li>\r\n<\/ul>\r\nDans ce cas, uniquement avec les finalit\u00e9s et les utilisations exclusivement n\u00e9cessaires au d\u00e9veloppement de son activit\u00e9 pour laquelle ses services ont \u00e9t\u00e9 requis, ne pouvant les utiliser \u00e0 une fin diff\u00e9rente. Pour toute cession autre que celle sp\u00e9cifi\u00e9e ci-dessus, vous serez d\u00fbment inform\u00e9 et pourrez exercer votre droit d&rsquo;opposition \u00e0 tout moment.\r\n\r\nLe consentement sera consid\u00e9r\u00e9 comme donn\u00e9 tant que vous ne nous communiquez pas express\u00e9ment la r\u00e9vocation de celui-ci \u00e0 l&rsquo;un des traitements indiqu\u00e9s ci-dessus.\r\n\r\nEn nous fournissant votre adresse e-mail et\/ou votre num\u00e9ro de t\u00e9l\u00e9phone, vous consentez express\u00e9ment \u00e0 ce que nous puissions vous contacter par ces moyens.\r\n\r\nL&rsquo;utilisateur du site Web sera seul responsable de la v\u00e9racit\u00e9 et de l&rsquo;exactitude des donn\u00e9es fournies, TECNOPROEX S.L. agissant de bonne foi en tant que simple fournisseur du service. En cas d&rsquo;avoir fourni de fausses donn\u00e9es ou de tiers sans votre consentement, TECNOPROEX S.L. se r\u00e9serve le droit de d\u00e9truire imm\u00e9diatement les donn\u00e9es susmentionn\u00e9es afin de prot\u00e9ger le droit du ou des titulaires de celles-ci, exon\u00e9rant TECNOPROEX S.L. de toute responsabilit\u00e9 pour le non-respect de cette exigence.\r\n\r\nTECNOPROEX S.L. s&rsquo;engage \u00e0 respecter son obligation de confidentialit\u00e9 des donn\u00e9es \u00e0 caract\u00e8re personnel et son devoir de les conserver et adoptera toutes les mesures techniques et organisationnelles pour garantir la s\u00e9curit\u00e9 des donn\u00e9es \u00e0 caract\u00e8re personnel et \u00e9viter leur alt\u00e9ration, perte, traitement ou acc\u00e8s non autoris\u00e9, compte tenu de l&rsquo;\u00e9tat de la technologie, de la nature des donn\u00e9es stock\u00e9es et des risques auxquels elles sont expos\u00e9es, le tout conform\u00e9ment aux dispositions de la r\u00e9glementation.\r\n<div class=\"gap\"><\/div>\r\n<h2>DONN\u00c9ES SUR LES MINEURS?<\/h2>\r\nNous ne traitons pas les donn\u00e9es des enfants de moins de 14 ans. Par cons\u00e9quent, abstenez-vous de les fournir si vous n&rsquo;avez pas cet \u00e2ge ou, le cas \u00e9ch\u00e9ant, de fournir des donn\u00e9es de tiers qui n&rsquo;ont pas cet \u00e2ge. TECNOPROEX S.L. d\u00e9cline toute responsabilit\u00e9 en cas de non-respect de cette pr\u00e9vision\r\n<div class=\"gap\"><\/div>\r\n<h2>QUELS DROITS AVEZ-VOUS?<\/h2>\r\n<ul>\r\n \t<li>Pour savoir si nous traitons vos donn\u00e9es ou non<\/li>\r\n \t<li>Acc\u00e9der \u00e0 vos donn\u00e9es personnelles<\/li>\r\n \t<li>Demander la rectification de vos donn\u00e9es si elles sont inexactes<\/li>\r\n \t<li>Demander la suppression de vos donn\u00e9es si elles ne sont plus n\u00e9cessaires aux fins pour lesquelles elles ont \u00e9t\u00e9 collect\u00e9es ou si vous retirez le consentement accord\u00e9<\/li>\r\n \t<li>Demander la limitation du traitement de vos donn\u00e9es, dans certains cas, auquel cas nous ne les conserverons que conform\u00e9ment \u00e0 la r\u00e9glementation en vigueur<\/li>\r\n \t<li>Pour transporter vos donn\u00e9es, qui vous seront fournies dans un format structur\u00e9, couramment utilis\u00e9 ou lisible par machine. Si vous pr\u00e9f\u00e9rez, nous pouvons les envoyer au nouveau responsable qui nous d\u00e9signe. Il n&rsquo;est valable que dans certains cas<\/li>\r\n \t<li>De d\u00e9poser une r\u00e9clamation aupr\u00e8s de l&rsquo;Agence espagnole de protection des donn\u00e9es ou de l&rsquo;autorit\u00e9 de contr\u00f4le comp\u00e9tente, si vous pensez que nous ne l&rsquo;avons pas trait\u00e9 correctement<\/li>\r\n \t<li>De r\u00e9voquer le consentement \u00e0 tout traitement pour lequel vous avez consenti, \u00e0 tout moment.<\/li>\r\n<\/ul>\r\nSi vous modifiez des donn\u00e9es, nous vous remercions de nous en informer afin de vous tenir \u00e0 jour.\r\n\r\nL&rsquo;utilisateur du site Web peut \u00e0 tout moment exercer ces droits dans les termes \u00e9tablis dans la r\u00e9glementation en vigueur, en s&rsquo;adressant au responsable du traitement:\r\n<ul>\r\n \t<li>Par \u00e9crit \u00e0 la direction de l&rsquo;entit\u00e9 : Calle Paduleta, 18 &#8211; BJ, Vitoria-Gasteiz, 01015 , Araba\/Alava<\/li>\r\n \t<li>Par courriel \u00e0 l&rsquo;adresse javierknorr@elproex.com<\/li>\r\n<\/ul>\r\n<div class=\"gap\"><\/div>\r\n<h2>VOULEZ-VOUS UN FORMULAIRE POUR L&rsquo;EXERCICE DE VOS DROITS?<\/h2>\r\nNous avons des formulaires pour l&rsquo;exercice de vos droits, demandez-les-nous par e-mail ou si vous pr\u00e9f\u00e9rez, vous pouvez utiliser ceux \u00e9labor\u00e9s par l&rsquo;Agence espagnole de protection des donn\u00e9es ou des tiers. Ces formulaires doivent \u00eatre sign\u00e9s \u00e9lectroniquement ou accompagn\u00e9s d&rsquo;une photocopie de la carte d&rsquo;identit\u00e9. Si quelqu&rsquo;un est repr\u00e9sent\u00e9, vous devez joindre une copie de votre carte d&rsquo;identit\u00e9, ou la signer avec votre signature \u00e9lectronique.\r\n<div class=\"gap\"><\/div>\r\n<h2>COMBIEN DE TEMPS FAUT-IL POUR R\u00c9PONDRE \u00c0 L&rsquo;EXERCICE DES DROITS?<\/h2>\r\nCela d\u00e9pend du droit, mais au maximum dans un mois \u00e0 compter de votre demande, et deux mois si le sujet est tr\u00e8s complexe et que nous vous informons que nous avons besoin de plus de temps.\r\n<div class=\"gap\"><\/div>\r\n<h2>COMBIEN DE TEMPS ALLONS-NOUS CONSERVER VOS DONN\u00c9ES PERSONNELLES?<\/h2>\r\n<ul>\r\n \t<li>Les donn\u00e9es personnelles seront conserv\u00e9es tant que vous resterez li\u00e9 \u00e0 nous<\/li>\r\n \t<li>Une fois dissoci\u00e9, les donn\u00e9es personnelles trait\u00e9es \u00e0 chaque fin seront conserv\u00e9es pendant les d\u00e9lais l\u00e9galement pr\u00e9vus, y compris le d\u00e9lai dans lequel un juge ou un tribunal peut les demander en tenant compte du d\u00e9lai de prescription des actions en justice.<\/li>\r\n \t<li>Les donn\u00e9es trait\u00e9es seront conserv\u00e9es jusqu&rsquo;\u00e0 l&rsquo;expiration des d\u00e9lais l\u00e9gaux susmentionn\u00e9s, s&rsquo;il existe une obligation l\u00e9gale de maintenance, ou s&rsquo;il n&rsquo;y a pas de tel d\u00e9lai l\u00e9gal, jusqu&rsquo;\u00e0 ce que l&rsquo;int\u00e9ress\u00e9 demande leur suppression ou r\u00e9voque le consentement accord\u00e9<\/li>\r\n \t<li>Nous conserverons toutes les informations et communications relatives \u00e0 la fourniture de notre service, tant que durent les garanties des services pour r\u00e9pondre \u00e0 d&rsquo;\u00e9ventuelles r\u00e9clamations<\/li>\r\n \t<li>Apr\u00e8s les d\u00e9lais susmentionn\u00e9s, les donn\u00e9es personnelles des utilisateurs peuvent \u00eatre bloqu\u00e9es et conserv\u00e9es par TECNOPROEX S.L. pour l&rsquo;attention des \u00e9ventuelles responsabilit\u00e9s d\u00e9coulant du traitement et uniquement pendant le d\u00e9lai de prescription de ces responsabilit\u00e9s. Pass\u00e9 ce d\u00e9lai, les donn\u00e9es personnelles seront supprim\u00e9es par TECNOPROEX S.L.<\/li>\r\n<\/ul>\r\n<div class=\"gap\"><\/div>\r\n<h2>S\u00c9CURIT\u00c9, COOKIES ET ADRESSES IP?<\/h2>\r\nLe site Web utilise des techniques de s\u00e9curit\u00e9 de l&rsquo;information g\u00e9n\u00e9ralement accept\u00e9es dans l&rsquo;industrie, telles que des pare-feu, des proc\u00e9dures de contr\u00f4le d&rsquo;acc\u00e8s et des m\u00e9canismes cryptographiques, le tout dans le but d&#8217;emp\u00eacher l&rsquo;acc\u00e8s non autoris\u00e9 aux donn\u00e9es. Pour atteindre ces objectifs, l&rsquo;utilisateur accepte que le fournisseur obtienne des donn\u00e9es aux fins de l&rsquo;authentification correspondante des contr\u00f4les d&rsquo;acc\u00e8s.\r\n<div class=\"gap\"><\/div>\r\n<h2>NOTIFICATION DES VIOLATIONS DE LA S\u00c9CURIT\u00c9 DES DONN\u00c9ES PERSONNELLES<\/h2>\r\nEn cas de violation de la s\u00e9curit\u00e9 des donn\u00e9es personnelles, \u00e0 moins qu&rsquo;il ne soit peu probable que cette violation de la s\u00e9curit\u00e9 constitue un risque pour les droits et libert\u00e9s des personnes physiques, TECNOPROEX S.L. en informera l&rsquo;Agence espagnole de protection des donn\u00e9es dans les 72 heures suivant la connaissance de l&rsquo;incident, en d\u00e9crivant la nature de la violation, les cons\u00e9quences possibles qui pourraient en d\u00e9couler et les mesures prises ou propos\u00e9es pour rem\u00e9dier \u00e0 la violation de s\u00e9curit\u00e9 ; et si possible, il sera fait savoir quelles sont les cat\u00e9gories et le nombre approximatif d&rsquo;int\u00e9ress\u00e9s et de donn\u00e9es concern\u00e9es.\r\n\r\nDe m\u00eame, TECNOPROEX S.L. informera les parties int\u00e9ress\u00e9es, dans les plus brefs d\u00e9lais, lorsqu&rsquo;il est probable que la violation de la s\u00e9curit\u00e9 des donn\u00e9es personnelles entra\u00eene un risque \u00e9lev\u00e9 pour les droits et libert\u00e9s des personnes physiques, en d\u00e9crivant les cons\u00e9quences possibles qui pourraient en d\u00e9couler et les mesures adopt\u00e9es ou propos\u00e9es pour rem\u00e9dier \u00e0 la faille de s\u00e9curit\u00e9.\r\n\r\n&nbsp;\r\n\r\n&nbsp;\r\n<h2><u>UTILISATION DES COOKIES ET DU FICHIER D&rsquo;ACTIVIT\u00c9<\/u><\/h2>\r\nSi nous utilisons d&rsquo;autres types de cookies que ceux qui ne sont pas n\u00e9cessaires, vous pouvez consulter la <a href=\"https:\/\/www.tecnoproex.es\/politica-de-cookies\/\">politique de cookies<\/a> sur le lien correspondant depuis le d\u00e9but de notre site web.\r\n\r\nLe fournisseur pour son propre compte ou celui d&rsquo;un tiers engag\u00e9 pour la fourniture de services de mesure, peut utiliser des cookies lorsqu&rsquo;un utilisateur navigue sur le site Web. Les cookies sont des fichiers envoy\u00e9s au navigateur via un serveur web dans le but d&rsquo;enregistrer les activit\u00e9s de l&rsquo;utilisateur pendant son temps de navigation. Les cookies utilis\u00e9s par le site Web sont uniquement associ\u00e9s \u00e0 un utilisateur anonyme et \u00e0 son ordinateur, et ne fournissent pas \u00e0 eux seuls les donn\u00e9es personnelles de l&rsquo;utilisateur. Gr\u00e2ce \u00e0 l&rsquo;utilisation de cookies, il est possible que le serveur o\u00f9 se trouve le site Web reconnaisse le navigateur Web utilis\u00e9 par l&rsquo;utilisateur afin de faciliter la navigation, permettant, par exemple, l&rsquo;acc\u00e8s aux utilisateurs qui se sont pr\u00e9alablement enregistr\u00e9s, d&rsquo;acc\u00e9der aux zones, services, promotions ou concours qui leur sont r\u00e9serv\u00e9s exclusivement sans avoir \u00e0 s&rsquo;inscrire \u00e0 chaque visite. Ils sont \u00e9galement utilis\u00e9s pour mesurer l&rsquo;audience et les param\u00e8tres de trafic, contr\u00f4ler la progression et le nombre d&rsquo;entr\u00e9es. L&rsquo;utilisateur a la possibilit\u00e9 de configurer son navigateur pour \u00eatre averti de la r\u00e9ception de cookies et pour emp\u00eacher leur installation sur son ordinateur. Veuillez consulter les instructions et les manuels de votre navigateur pour plus d&rsquo;informations. Pour utiliser le site Web, il n&rsquo;est pas n\u00e9cessaire que l&rsquo;utilisateur autorise l&rsquo;installation des cookies envoy\u00e9s par le site Web, ou le tiers agissant en son nom, sans pr\u00e9judice de la n\u00e9cessit\u00e9 pour l&rsquo;utilisateur d&rsquo;initier une session en tant que telle dans chacun des services dont la prestation n\u00e9cessite l&rsquo;enregistrement ou la connexion pr\u00e9alable. Les cookies utilis\u00e9s sur ce site Web sont, dans tous les cas, temporaires dans le seul but de rendre leur transmission ult\u00e9rieure plus efficace. En aucun cas, les cookies ne seront utilis\u00e9s pour collecter des informations personnelles.\r\n<div class=\"gap\"><\/div>\r\n<h2><u>ADRESSES IP<\/u><\/h2>\r\nLes serveurs du site Web pourront d\u00e9tecter automatiquement l&rsquo;adresse IP et le nom de domaine utilis\u00e9s par l&rsquo;utilisateur. Une adresse IP est un num\u00e9ro attribu\u00e9 automatiquement \u00e0 un ordinateur lorsqu&rsquo;il se connecte \u00e0 Internet. Toutes ces informations sont enregistr\u00e9es dans un fichier d&rsquo;activit\u00e9 du serveur d\u00fbment enregistr\u00e9 qui permet le traitement ult\u00e9rieur des donn\u00e9es afin d&rsquo;obtenir des mesures uniquement statistiques permettant de conna\u00eetre le nombre d&rsquo;impressions de pages, le nombre de visites effectu\u00e9es aux services Web, l&rsquo;ordre des visites, le point d&rsquo;acc\u00e8s, etc.\r\n\r\n","protected":false},"excerpt":{"rendered":"<p>Cette politique de confidentialit\u00e9 a pour but d&rsquo;informer les utilisateurs sur la collecte et le traitement des donn\u00e9es personnelles obtenues via le site web tecnoproex.es (ci-apr\u00e8s \u00ab le site Web \u00bb). TECNOPROEX S.L. respecte les directives du R\u00e8glement (UE) 2016\/679 du Parlement europ\u00e9en et du Conseil du 27 avril 2016 relatif \u00e0 la protection des&hellip;<\/p>\n","protected":false},"author":1,"featured_media":0,"parent":0,"menu_order":0,"comment_status":"closed","ping_status":"closed","template":"","meta":{"footnotes":""},"class_list":["post-58967","page","type-page","status-publish","hentry","description-off"],"_links":{"self":[{"href":"https:\/\/www.tecnoproex.es\/fr\/wp-json\/wp\/v2\/pages\/58967","targetHints":{"allow":["GET"]}}],"collection":[{"href":"https:\/\/www.tecnoproex.es\/fr\/wp-json\/wp\/v2\/pages"}],"about":[{"href":"https:\/\/www.tecnoproex.es\/fr\/wp-json\/wp\/v2\/types\/page"}],"author":[{"embeddable":true,"href":"https:\/\/www.tecnoproex.es\/fr\/wp-json\/wp\/v2\/users\/1"}],"replies":[{"embeddable":true,"href":"https:\/\/www.tecnoproex.es\/fr\/wp-json\/wp\/v2\/comments?post=58967"}],"version-history":[{"count":0,"href":"https:\/\/www.tecnoproex.es\/fr\/wp-json\/wp\/v2\/pages\/58967\/revisions"}],"wp:attachment":[{"href":"https:\/\/www.tecnoproex.es\/fr\/wp-json\/wp\/v2\/media?parent=58967"}],"curies":[{"name":"wp","href":"https:\/\/api.w.org\/{rel}","templated":true}]}}